{"id":830,"date":"2025-03-25T13:19:31","date_gmt":"2025-03-25T12:19:31","guid":{"rendered":"https:\/\/etrax.at\/knowledgebase\/?page_id=830"},"modified":"2025-03-25T13:19:31","modified_gmt":"2025-03-25T12:19:31","slug":"suchgebiete","status":"publish","type":"page","link":"https:\/\/etrax.at\/knowledgebase\/suchgebiete\/","title":{"rendered":"Suchgebiete"},"content":{"rendered":"\n<div class=\"wp-block-query alignfull row container ms-auto me-auto is-layout-flow wp-block-query-is-layout-flow\"><ul class=\"alignfull row blog-overview wp-block-post-template is-layout-flow wp-block-post-template-is-layout-flow\"><li class=\"wp-block-post post-746 post type-post status-publish format-standard hentry category-arbeitskarte category-menue category-suchgebiete\">\n\n<div class=\"wp-block-group is-vertical is-layout-flex wp-container-core-group-is-layout-fe9cc265 wp-block-group-is-layout-flex\"><h2 class=\"wp-block-post-title has-x-large-font-size\"><a href=\"https:\/\/etrax.at\/knowledgebase\/arbeitskarte\/arbeitskarte-menue-suchgebiet-importieren\/\" target=\"_self\" >Suchgebiet > Importieren<\/a><\/h2>\n\n<div class=\"wp-block-post-excerpt\"><p class=\"wp-block-post-excerpt__excerpt\">Suchgebiete k\u00f6nnen, sofern sie als gpx-File vorliegen, von anderen Organisationen \u00fcbernommen und in Ihren Einsatz importiert werden. Klicken Sie in&hellip;<\/p><p class=\"wp-block-post-excerpt__more-text\"><a class=\"wp-block-post-excerpt__more-link\" href=\"https:\/\/etrax.at\/knowledgebase\/arbeitskarte\/arbeitskarte-menue-suchgebiet-importieren\/\">&#8230;mehr<\/a><\/p><\/div><\/div>\n\n<\/li><li class=\"wp-block-post post-725 post type-post status-publish format-standard hentry category-arbeitskarte category-suchgebiete\">\n\n<div class=\"wp-block-group is-vertical is-layout-flex wp-container-core-group-is-layout-fe9cc265 wp-block-group-is-layout-flex\"><h2 class=\"wp-block-post-title has-x-large-font-size\"><a href=\"https:\/\/etrax.at\/knowledgebase\/arbeitskarte\/kartenansicht-suchgebiete\/\" target=\"_self\" >Suchgebiete<\/a><\/h2>\n\n<div class=\"wp-block-post-excerpt\"><p class=\"wp-block-post-excerpt__excerpt\">Suchgebiet, Wegsuche, Mantrailer Wenn Sie in ein Suchgebiet klicken, wird Ihnen folgende Information angezeigt: Punktsuche Die Punktsuche ist ein besonderer&hellip;<\/p><p class=\"wp-block-post-excerpt__more-text\"><a class=\"wp-block-post-excerpt__more-link\" href=\"https:\/\/etrax.at\/knowledgebase\/arbeitskarte\/kartenansicht-suchgebiete\/\">&#8230;mehr<\/a><\/p><\/div><\/div>\n\n<\/li><li class=\"wp-block-post post-358 post type-post status-publish format-standard hentry category-arbeitskarte category-menue category-suchgebiete\">\n\n<div class=\"wp-block-group is-vertical is-layout-flex wp-container-core-group-is-layout-fe9cc265 wp-block-group-is-layout-flex\"><h2 class=\"wp-block-post-title has-x-large-font-size\"><a href=\"https:\/\/etrax.at\/knowledgebase\/arbeitskarte\/suchgebiete-verwalten\/\" target=\"_self\" >Suchgebiete > bearbeiten<\/a><\/h2>\n\n<div class=\"wp-block-post-excerpt\"><p class=\"wp-block-post-excerpt__excerpt\">Suchgebiet-Listing: Es \u00f6ffnet sich die Liste aller vorhandenen Suchgebiete. Die Funktionen von links nach rechts: Suchgebiet anlegen: Um ein Suchgebiet&hellip;<\/p><p class=\"wp-block-post-excerpt__more-text\"><a class=\"wp-block-post-excerpt__more-link\" href=\"https:\/\/etrax.at\/knowledgebase\/arbeitskarte\/suchgebiete-verwalten\/\">&#8230;mehr<\/a><\/p><\/div><\/div>\n\n<\/li><li class=\"wp-block-post post-1026 post type-post status-publish format-standard hentry category-arbeitskarte category-menue category-suchgebiete\">\n\n<div class=\"wp-block-group is-vertical is-layout-flex wp-container-core-group-is-layout-fe9cc265 wp-block-group-is-layout-flex\"><h2 class=\"wp-block-post-title has-x-large-font-size\"><a href=\"https:\/\/etrax.at\/knowledgebase\/arbeitskarte\/suchgebiete-als-gpx-file-exportieren\/\" target=\"_self\" >Suchgebiete als gpx-File exportieren<\/a><\/h2>\n\n<div class=\"wp-block-post-excerpt\"><p class=\"wp-block-post-excerpt__excerpt\">Suchgebiete k\u00f6nnen jederzeit als gpx-Files exportiert werden. Diese gpx-Files k\u00f6nnen dann zB. als &#8222;Track&#8220; in GPS-Ger\u00e4te eingespielt werden. Damit haben&hellip;<\/p><p class=\"wp-block-post-excerpt__more-text\"><a class=\"wp-block-post-excerpt__more-link\" href=\"https:\/\/etrax.at\/knowledgebase\/arbeitskarte\/suchgebiete-als-gpx-file-exportieren\/\">&#8230;mehr<\/a><\/p><\/div><\/div>\n\n<\/li><\/ul><\/div>\n\n\n<form role=\"search\" method=\"get\" action=\"https:\/\/etrax.at\/knowledgebase\/\" class=\"wp-block-search__button-outside wp-block-search__text-button wp-block-search\"    ><label class=\"wp-block-search__label\" for=\"wp-block-search__input-1\" >Suchen<\/label><div class=\"wp-block-search__inside-wrapper\" ><input class=\"wp-block-search__input\" id=\"wp-block-search__input-1\" placeholder=\"\" value=\"\" type=\"search\" name=\"s\" required \/><button aria-label=\"Suchen\" class=\"wp-block-search__button wp-element-button\" type=\"submit\" >Suchen<\/button><\/div><\/form>","protected":false},"excerpt":{"rendered":"","protected":false},"author":1,"featured_media":0,"parent":0,"menu_order":0,"comment_status":"closed","ping_status":"closed","template":"","meta":{"inline_featured_image":false,"footnotes":""},"class_list":["post-830","page","type-page","status-publish","hentry"],"_links":{"self":[{"href":"https:\/\/etrax.at\/knowledgebase\/wp-json\/wp\/v2\/pages\/830","targetHints":{"allow":["GET"]}}],"collection":[{"href":"https:\/\/etrax.at\/knowledgebase\/wp-json\/wp\/v2\/pages"}],"about":[{"href":"https:\/\/etrax.at\/knowledgebase\/wp-json\/wp\/v2\/types\/page"}],"author":[{"embeddable":true,"href":"https:\/\/etrax.at\/knowledgebase\/wp-json\/wp\/v2\/users\/1"}],"replies":[{"embeddable":true,"href":"https:\/\/etrax.at\/knowledgebase\/wp-json\/wp\/v2\/comments?post=830"}],"version-history":[{"count":1,"href":"https:\/\/etrax.at\/knowledgebase\/wp-json\/wp\/v2\/pages\/830\/revisions"}],"predecessor-version":[{"id":832,"href":"https:\/\/etrax.at\/knowledgebase\/wp-json\/wp\/v2\/pages\/830\/revisions\/832"}],"wp:attachment":[{"href":"https:\/\/etrax.at\/knowledgebase\/wp-json\/wp\/v2\/media?parent=830"}],"curies":[{"name":"wp","href":"https:\/\/api.w.org\/{rel}","templated":true}]}}