{"id":795,"date":"2025-03-25T10:19:26","date_gmt":"2025-03-25T09:19:26","guid":{"rendered":"https:\/\/etrax.at\/knowledgebase\/?page_id=795"},"modified":"2025-03-25T10:20:09","modified_gmt":"2025-03-25T09:20:09","slug":"administration-material","status":"publish","type":"page","link":"https:\/\/etrax.at\/knowledgebase\/administration-material\/","title":{"rendered":"Administration: Material"},"content":{"rendered":"\n<div class=\"wp-block-query alignfull row container ms-auto me-auto is-layout-flow wp-block-query-is-layout-flow\"><ul class=\"alignfull row blog-overview wp-block-post-template is-layout-flow wp-block-post-template-is-layout-flow\"><li class=\"wp-block-post post-330 post type-post status-publish format-standard hentry category-administration category-material\">\n\n<div class=\"wp-block-group is-vertical is-layout-flex wp-container-core-group-is-layout-fe9cc265 wp-block-group-is-layout-flex\"><h2 class=\"wp-block-post-title has-x-large-font-size\"><a href=\"https:\/\/etrax.at\/knowledgebase\/administration\/ansicht-material\/\" target=\"_self\" >Material<\/a><\/h2>\n\n<div class=\"wp-block-post-excerpt\"><p class=\"wp-block-post-excerpt__excerpt\">Im Material-Listing k\u00f6nnen alle Materialien f\u00fcr Eins\u00e4tze verwaltet werden. So k\u00f6nnen sp\u00e4ter im Einsatz KFZ und Materialien Gruppen zugeordnet werden,&hellip;<\/p><p class=\"wp-block-post-excerpt__more-text\"><a class=\"wp-block-post-excerpt__more-link\" href=\"https:\/\/etrax.at\/knowledgebase\/administration\/ansicht-material\/\">&#8230;mehr<\/a><\/p><\/div><\/div>\n\n<\/li><li class=\"wp-block-post post-752 post type-post status-publish format-standard hentry category-administration category-material\">\n\n<div class=\"wp-block-group is-vertical is-layout-flex wp-container-core-group-is-layout-fe9cc265 wp-block-group-is-layout-flex\"><h2 class=\"wp-block-post-title has-x-large-font-size\"><a href=\"https:\/\/etrax.at\/knowledgebase\/administration\/administration-material-bearbeiten-neues-material\/\" target=\"_self\" >Material > bearbeiten\/neues Material<\/a><\/h2>\n\n<div class=\"wp-block-post-excerpt\"><p class=\"wp-block-post-excerpt__excerpt\">Es werden 3 Eintr\u00e4ge angezeigt:<\/p><p class=\"wp-block-post-excerpt__more-text\"><a class=\"wp-block-post-excerpt__more-link\" href=\"https:\/\/etrax.at\/knowledgebase\/administration\/administration-material-bearbeiten-neues-material\/\">&#8230;mehr<\/a><\/p><\/div><\/div>\n\n<\/li><\/ul><\/div>\n\n\n<form role=\"search\" method=\"get\" action=\"https:\/\/etrax.at\/knowledgebase\/\" class=\"wp-block-search__button-outside wp-block-search__text-button wp-block-search\"    ><label class=\"wp-block-search__label\" for=\"wp-block-search__input-1\" >Suchen<\/label><div class=\"wp-block-search__inside-wrapper\" ><input class=\"wp-block-search__input\" id=\"wp-block-search__input-1\" placeholder=\"\" value=\"\" type=\"search\" name=\"s\" required \/><button aria-label=\"Suchen\" class=\"wp-block-search__button wp-element-button\" type=\"submit\" >Suchen<\/button><\/div><\/form>","protected":false},"excerpt":{"rendered":"","protected":false},"author":1,"featured_media":0,"parent":0,"menu_order":0,"comment_status":"closed","ping_status":"closed","template":"","meta":{"inline_featured_image":false,"footnotes":""},"class_list":["post-795","page","type-page","status-publish","hentry"],"_links":{"self":[{"href":"https:\/\/etrax.at\/knowledgebase\/wp-json\/wp\/v2\/pages\/795","targetHints":{"allow":["GET"]}}],"collection":[{"href":"https:\/\/etrax.at\/knowledgebase\/wp-json\/wp\/v2\/pages"}],"about":[{"href":"https:\/\/etrax.at\/knowledgebase\/wp-json\/wp\/v2\/types\/page"}],"author":[{"embeddable":true,"href":"https:\/\/etrax.at\/knowledgebase\/wp-json\/wp\/v2\/users\/1"}],"replies":[{"embeddable":true,"href":"https:\/\/etrax.at\/knowledgebase\/wp-json\/wp\/v2\/comments?post=795"}],"version-history":[{"count":2,"href":"https:\/\/etrax.at\/knowledgebase\/wp-json\/wp\/v2\/pages\/795\/revisions"}],"predecessor-version":[{"id":797,"href":"https:\/\/etrax.at\/knowledgebase\/wp-json\/wp\/v2\/pages\/795\/revisions\/797"}],"wp:attachment":[{"href":"https:\/\/etrax.at\/knowledgebase\/wp-json\/wp\/v2\/media?parent=795"}],"curies":[{"name":"wp","href":"https:\/\/api.w.org\/{rel}","templated":true}]}}