{"id":785,"date":"2025-03-25T10:11:02","date_gmt":"2025-03-25T09:11:02","guid":{"rendered":"https:\/\/etrax.at\/knowledgebase\/?page_id=785"},"modified":"2025-03-25T10:11:02","modified_gmt":"2025-03-25T09:11:02","slug":"administration-user","status":"publish","type":"page","link":"https:\/\/etrax.at\/knowledgebase\/administration-user\/","title":{"rendered":"Administration: User"},"content":{"rendered":"\n<div class=\"wp-block-query alignfull row container ms-auto me-auto is-layout-flow wp-block-query-is-layout-flow\"><ul class=\"alignfull row blog-overview wp-block-post-template is-layout-flow wp-block-post-template-is-layout-flow\"><li class=\"wp-block-post post-53 post type-post status-publish format-standard hentry category-administration category-user\">\n\n<div class=\"wp-block-group is-vertical is-layout-flex wp-container-core-group-is-layout-fe9cc265 wp-block-group-is-layout-flex\"><h2 class=\"wp-block-post-title has-x-large-font-size\"><a href=\"https:\/\/etrax.at\/knowledgebase\/administration\/ansicht-user\/\" target=\"_self\" >User<\/a><\/h2>\n\n<div class=\"wp-block-post-excerpt\"><p class=\"wp-block-post-excerpt__excerpt\">Im User-Listing sehen Sie alle User ihrer Organisation mit den wichtigsten Informationen zur Funktion des Users. Es werden alle User&hellip;<\/p><p class=\"wp-block-post-excerpt__more-text\"><a class=\"wp-block-post-excerpt__more-link\" href=\"https:\/\/etrax.at\/knowledgebase\/administration\/ansicht-user\/\">&#8230;mehr<\/a><\/p><\/div><\/div>\n\n<\/li><li class=\"wp-block-post post-62 post type-post status-publish format-standard hentry category-administration category-user\">\n\n<div class=\"wp-block-group is-vertical is-layout-flex wp-container-core-group-is-layout-fe9cc265 wp-block-group-is-layout-flex\"><h2 class=\"wp-block-post-title has-x-large-font-size\"><a href=\"https:\/\/etrax.at\/knowledgebase\/administration\/user-als-csv-import\/\" target=\"_self\" >User als CSV Import<\/a><\/h2>\n\n<div class=\"wp-block-post-excerpt\"><p class=\"wp-block-post-excerpt__excerpt\">Ein gr\u00f6\u00dfere Anzahl an Usern kann auch \u00fcber den CSV Import in eTrax importiert werden. Der Download-Link &#8222;CSV-Vorlage f\u00fcr den&hellip;<\/p><p class=\"wp-block-post-excerpt__more-text\"><a class=\"wp-block-post-excerpt__more-link\" href=\"https:\/\/etrax.at\/knowledgebase\/administration\/user-als-csv-import\/\">&#8230;mehr<\/a><\/p><\/div><\/div>\n\n<\/li><li class=\"wp-block-post post-57 post type-post status-publish format-standard hentry category-administration category-user\">\n\n<div class=\"wp-block-group is-vertical is-layout-flex wp-container-core-group-is-layout-fe9cc265 wp-block-group-is-layout-flex\"><h2 class=\"wp-block-post-title has-x-large-font-size\"><a href=\"https:\/\/etrax.at\/knowledgebase\/administration\/user-bearbeiten\/\" target=\"_self\" >User bearbeiten\/neuer User<\/a><\/h2>\n\n<div class=\"wp-block-post-excerpt\"><p class=\"wp-block-post-excerpt__excerpt\">Beide Ansichten teilen sich dieselben Eintr\u00e4ge.<\/p><p class=\"wp-block-post-excerpt__more-text\"><a class=\"wp-block-post-excerpt__more-link\" href=\"https:\/\/etrax.at\/knowledgebase\/administration\/user-bearbeiten\/\">&#8230;mehr<\/a><\/p><\/div><\/div>\n\n<\/li><li class=\"wp-block-post post-987 post type-post status-publish format-standard hentry category-administration category-user\">\n\n<div class=\"wp-block-group is-vertical is-layout-flex wp-container-core-group-is-layout-fe9cc265 wp-block-group-is-layout-flex\"><h2 class=\"wp-block-post-title has-x-large-font-size\"><a href=\"https:\/\/etrax.at\/knowledgebase\/administration\/user-entsperren\/\" target=\"_self\" >User entsperren<\/a><\/h2>\n\n<div class=\"wp-block-post-excerpt\"><p class=\"wp-block-post-excerpt__excerpt\">User werden nach dem f\u00fcnften fehlerhaften Login-Versuch f\u00fcr 15 Minuten gesperrt. Sollte es aber n\u00f6tig sein den User davor wieder&hellip;<\/p><p class=\"wp-block-post-excerpt__more-text\"><a class=\"wp-block-post-excerpt__more-link\" href=\"https:\/\/etrax.at\/knowledgebase\/administration\/user-entsperren\/\">&#8230;mehr<\/a><\/p><\/div><\/div>\n\n<\/li><li class=\"wp-block-post post-1036 post type-post status-publish format-standard hentry category-user\">\n\n<div class=\"wp-block-group is-vertical is-layout-flex wp-container-core-group-is-layout-fe9cc265 wp-block-group-is-layout-flex\"><h2 class=\"wp-block-post-title has-x-large-font-size\"><a href=\"https:\/\/etrax.at\/knowledgebase\/administration\/user\/user-account-loeschen\/\" target=\"_self\" >User-Account und personenbezogene Daten l\u00f6schen<\/a><\/h2>\n\n<div class=\"wp-block-post-excerpt\"><p class=\"wp-block-post-excerpt__excerpt\">Die Verwaltung der User Account und der personenbezogenen Daten unterliegt dem jeweiligen Organisations-Administrator. Wenn sie das L\u00f6schen Ihres Accounts und&hellip;<\/p><p class=\"wp-block-post-excerpt__more-text\"><a class=\"wp-block-post-excerpt__more-link\" href=\"https:\/\/etrax.at\/knowledgebase\/administration\/user\/user-account-loeschen\/\">&#8230;mehr<\/a><\/p><\/div><\/div>\n\n<\/li><\/ul><\/div>\n\n\n<form role=\"search\" method=\"get\" action=\"https:\/\/etrax.at\/knowledgebase\/\" class=\"wp-block-search__button-outside wp-block-search__text-button wp-block-search\"    ><label class=\"wp-block-search__label\" for=\"wp-block-search__input-1\" >Suchen<\/label><div class=\"wp-block-search__inside-wrapper\" ><input class=\"wp-block-search__input\" id=\"wp-block-search__input-1\" placeholder=\"\" value=\"\" type=\"search\" name=\"s\" required \/><button aria-label=\"Suchen\" class=\"wp-block-search__button wp-element-button\" type=\"submit\" >Suchen<\/button><\/div><\/form>","protected":false},"excerpt":{"rendered":"","protected":false},"author":1,"featured_media":0,"parent":0,"menu_order":0,"comment_status":"closed","ping_status":"closed","template":"","meta":{"inline_featured_image":false,"footnotes":""},"class_list":["post-785","page","type-page","status-publish","hentry"],"_links":{"self":[{"href":"https:\/\/etrax.at\/knowledgebase\/wp-json\/wp\/v2\/pages\/785","targetHints":{"allow":["GET"]}}],"collection":[{"href":"https:\/\/etrax.at\/knowledgebase\/wp-json\/wp\/v2\/pages"}],"about":[{"href":"https:\/\/etrax.at\/knowledgebase\/wp-json\/wp\/v2\/types\/page"}],"author":[{"embeddable":true,"href":"https:\/\/etrax.at\/knowledgebase\/wp-json\/wp\/v2\/users\/1"}],"replies":[{"embeddable":true,"href":"https:\/\/etrax.at\/knowledgebase\/wp-json\/wp\/v2\/comments?post=785"}],"version-history":[{"count":1,"href":"https:\/\/etrax.at\/knowledgebase\/wp-json\/wp\/v2\/pages\/785\/revisions"}],"predecessor-version":[{"id":787,"href":"https:\/\/etrax.at\/knowledgebase\/wp-json\/wp\/v2\/pages\/785\/revisions\/787"}],"wp:attachment":[{"href":"https:\/\/etrax.at\/knowledgebase\/wp-json\/wp\/v2\/media?parent=785"}],"curies":[{"name":"wp","href":"https:\/\/api.w.org\/{rel}","templated":true}]}}