{"id":3,"date":"2025-03-18T08:50:46","date_gmt":"2025-03-18T08:50:46","guid":{"rendered":"http:\/\/etrax.at\/knowledgebase\/?page_id=3"},"modified":"2025-03-18T12:32:05","modified_gmt":"2025-03-18T11:32:05","slug":"privacy-policy","status":"publish","type":"page","link":"https:\/\/etrax.at\/knowledgebase\/privacy-policy\/","title":{"rendered":"Impressum und Datenschutz"},"content":{"rendered":"\n<h2 class=\"wp-block-heading\"><small>Informationen nach E-Comm. Gesetz \u00a75:<\/small><\/h2>\n\n\n\n<h2 class=\"wp-block-heading\">Medieninhaber:<\/h2>\n\n\n\n<p>Nicolaus Piso<\/p>\n\n\n\n<h2 class=\"wp-block-heading\">Ort:<\/h2>\n\n\n\n<p>3420 Kritzendorf, \u00d6sterreich<\/p>\n\n\n\n<h2 class=\"wp-block-heading\">Unternehmensgegenstand:<\/h2>\n\n\n\n<p>eTrax ist eine Software der Firma <a href=\"https:\/\/piso.at\" target=\"_blank\" rel=\"noreferrer noopener\">piso<\/a> zur professionellen Abwicklung von Sucheins\u00e4tzen, Wildtiermonitoring und Trailing.<\/p>\n\n\n\n<h2 class=\"wp-block-heading\">Kontaktdaten:<\/h2>\n\n\n\n<p>Bei Fragen zu eTrax kontaktieren sie bitte <a href=\"mailto:support@etrax.at\">support[at]etrax.at<\/a><\/p>\n\n\n\n<p><\/p>\n\n\n\n<h1 class=\"wp-block-heading\">Datenschutz<\/h1>\n\n\n\n<h2 class=\"wp-block-heading\">Allgemeines<\/h2>\n\n\n\n<p>Der Schutz ihrer pers\u00f6nlichen Daten ist uns ein gro\u00dfes Anliegen. Wir legen gro\u00dfen Wert darauf die Privatsph\u00e4re der Nutzer*innen der Website zu sch\u00fctzen. Daten werden, so sie \u00fcberhaupt verarbeitet werden, ausschlie\u00dflich im Sinne der DSGVO und des \u00f6sterreichischen Datenschutzgesetzes (DSG) verarbeitet. Nachfolgend informieren wir sie dar\u00fcber, welche Daten wir bei ihrem Besuch unserer Website erheben und wozu wir diese nutzen. Die Erl\u00e4uterungen beziehen sich auf den \u00f6ffentlichen Bereich der Website ohne Login). Datenschutzrechtliche Aspekte die auf die Nutzung der Applikation nach Login zutreffen sind separat beschrieben.<\/p>\n\n\n\n<h2 class=\"wp-block-heading\">Beim Besuch der Website erhobene Daten<\/h2>\n\n\n\n<p>Seitens der Betreiber von eTrax.at sind s\u00e4mtliche Serverseitigen Logs deaktiviert. Dar\u00fcber hinaus kann es aber sein, dass vom Webhost (all-inkl.com) zus\u00e4tzlich Informationen \u00fcber den Websitebesucher erhoben werden. Diese sind f\u00fcr den Betreiber dieser Website allerdings nicht einsehbar. Informationen dazu liefert ihnen der Webhost (<a href=\"https:\/\/all-inkl.com\/datenschutzinformationen\/\" target=\"_blank\" rel=\"noreferrer noopener\">https:\/\/all-inkl.com\/datenschutzinformationen\/<\/a>)<\/p>\n\n\n\n<h2 class=\"wp-block-heading\" id=\"app\">App-Datenschutzerkl\u00e4rung<\/h2>\n\n\n\n<p>Die eTrax App ist der offizielle Client f\u00fcr das Open Source Projekt eTrax|rescue. Das Ziel des Projektes ist es die Verwaltung von Personensuchen f\u00fcr Hilfsorganisationen zu vereinfachen, sowie die zentrale Koordination von Suchteams aus der Einsatzleitung zu erm\u00f6glichen. Um diese zentralen Funktionen zu erf\u00fcllen, greift die App bei, von der Organisation festgelegten, Statusmeldungen &#8211; auch wenn die App nicht ge\u00f6ffnet ist &#8211; auf den Ger\u00e4testandort zu und sendet diesen \u00fcber eine verschl\u00fcsselte Verbindung zum angegebenen eTrax Server. Die so generierten Ortungsdaten werden am eTrax Server dazu verwendet die aktuelle Position von von Mitgliedern eines Suchteams, sowie deren Standortverl\u00e4ufe w\u00e4hrend eines Einsatzes f\u00fcr die Einsatzleitung im Webinterface von eTrax|rescue anzuzeigen. Durch die Server-Applikation wird gew\u00e4hrleistet, dass nur Benutzer, die einer am Einsatz beteiligten Organisation angeh\u00f6ren, beziehungsweise Administratoren auf die Ortungsdaten zugreifen k\u00f6nnen. Der User wird durch eine persistente Benachrichtigung darauf aufmerksam gemacht, wenn die App gerade auf den Standort zugreift.<\/p>\n\n\n\n<p>Um diese zentralen Funktionen zu erf\u00fcllen, greift die App bei, von der Organisation festgelegten, Statusmeldungen &#8211; auch wenn die App nicht ge\u00f6ffnet ist &#8211; auf den Ger\u00e4testandort zu und sendet diesen \u00fcber eine verschl\u00fcsselte Verbindung zum angegebenen eTrax Server. Die so generierten Ortungsdaten werden am eTrax Server dazu verwendet die aktuelle Position von von Mitgliedern eines Suchteams, sowie deren Standortverl\u00e4ufe w\u00e4hrend eines Einsatzes f\u00fcr die Einsatzleitung im Webinterface von eTrax|rescue anzuzeigen. Durch die Server-Applikation wird gew\u00e4hrleistet, dass nur Benutzer*innen, die einer am Einsatz beteiligten Organisation angeh\u00f6ren, beziehungsweise Administrator*innen auf die Ortungsdaten zugreifen k\u00f6nnen. Nutzer*innen werden durch eine persistente Benachrichtigung darauf aufmerksam gemacht, wenn die App gerade auf den Standort zugreift.<\/p>\n\n\n\n<h2 class=\"wp-block-heading\">Cookies, Social Media Buttons, Web-Analyse<\/h2>\n\n\n\n<p>Im \u00f6ffentlich erreichbaren Bereich der Website werden keine Cookies, Social Media Buttons oder Web-Analyse Tools eingesetzt.<\/p>\n\n\n\n<h2 class=\"wp-block-heading\">Recht auf Auskunft, Berichtigung, L\u00f6schung oder Einschr\u00e4nkung, Widerspruchsrecht und Beschwerdem\u00f6glichkeit bei der Datenschutzbeh\u00f6rde<\/h2>\n\n\n\n<p>Nutzer*innen k\u00f6nnen jederzeit gem\u00e4\u00df den gesetzlichen Datenschutzbestimmungen, insbesondere den Artikel 15 bis 21 Datenschutz-Grundverordnung (DSGVO), Auskunft \u00fcber sie betreffende personenbezogene Daten verlangen, sowie unrichtige Daten berichtigen oder l\u00f6schen lassen oder die Einschr\u00e4nkung der Verarbeitung verlangen bzw. der Verwendung ihrer Daten widersprechen.<br>Entsprechende Anfragen k\u00f6nnen an die im Abschnitt &#8222;Kontaktdaten&#8220; angegebene Stelle gerichtet werden.<br>Nutzer\/innen haben ferner nach \u00a7 24 des \u00f6sterreichischen Datenschutzgesetzes (DSG) das Recht auf Beschwerde bei der Datenschutzbeh\u00f6rde, wenn sie der Ansicht sind, dass die Verarbeitung der sie betreffenden personenbezogenen Daten gegen die DSGVO oder gegen das 1. oder 2. Hauptst\u00fcck des DSG verst\u00f6\u00dft.<\/p>\n\n\n\n<h2 class=\"wp-block-heading\">Datensicherheit<\/h2>\n\n\n\n<p>eTrax.at setzt geeignete und angemessene technische und organisatorische Ma\u00dfnahmen, um die Daten der Nutzer*innen vor zuf\u00e4lliger oder unrechtm\u00e4\u00dfiger Zerst\u00f6rung, vor Verlust und vor Zugriff durch Unbefugte zu sch\u00fctzen.<\/p>\n\n\n\n<p><\/p>\n","protected":false},"excerpt":{"rendered":"<p>Informationen nach E-Comm. Gesetz \u00a75: Medieninhaber: Nicolaus Piso Ort: 3420 Kritzendorf, \u00d6sterreich Unternehmensgegenstand: eTrax ist eine Software der Firma piso zur professionellen Abwicklung von Sucheins\u00e4tzen, Wildtiermonitoring und Trailing. Kontaktdaten: Bei Fragen zu eTrax kontaktieren sie bitte support[at]etrax.at Datenschutz Allgemeines Der Schutz ihrer pers\u00f6nlichen Daten ist uns ein gro\u00dfes Anliegen. Wir legen gro\u00dfen Wert darauf die [&hellip;]<\/p>\n","protected":false},"author":1,"featured_media":0,"parent":0,"menu_order":0,"comment_status":"closed","ping_status":"open","template":"","meta":{"inline_featured_image":false,"footnotes":""},"class_list":["post-3","page","type-page","status-publish","hentry"],"_links":{"self":[{"href":"https:\/\/etrax.at\/knowledgebase\/wp-json\/wp\/v2\/pages\/3","targetHints":{"allow":["GET"]}}],"collection":[{"href":"https:\/\/etrax.at\/knowledgebase\/wp-json\/wp\/v2\/pages"}],"about":[{"href":"https:\/\/etrax.at\/knowledgebase\/wp-json\/wp\/v2\/types\/page"}],"author":[{"embeddable":true,"href":"https:\/\/etrax.at\/knowledgebase\/wp-json\/wp\/v2\/users\/1"}],"replies":[{"embeddable":true,"href":"https:\/\/etrax.at\/knowledgebase\/wp-json\/wp\/v2\/comments?post=3"}],"version-history":[{"count":1,"href":"https:\/\/etrax.at\/knowledgebase\/wp-json\/wp\/v2\/pages\/3\/revisions"}],"predecessor-version":[{"id":19,"href":"https:\/\/etrax.at\/knowledgebase\/wp-json\/wp\/v2\/pages\/3\/revisions\/19"}],"wp:attachment":[{"href":"https:\/\/etrax.at\/knowledgebase\/wp-json\/wp\/v2\/media?parent=3"}],"curies":[{"name":"wp","href":"https:\/\/api.w.org\/{rel}","templated":true}]}}